{"id":3317,"date":"2015-07-15T17:48:31","date_gmt":"2015-07-15T17:48:31","guid":{"rendered":"http:\/\/webapp389945.ip-104-200-17-165.cloudezapp.io\/?page_id=3317"},"modified":"2024-10-21T16:19:49","modified_gmt":"2024-10-21T19:19:49","slug":"agende-uma-visita","status":"publish","type":"page","link":"https:\/\/www.wfmsistemas.com.br\/?page_id=3317","title":{"rendered":"Agende uma visita"},"content":{"rendered":"\n<style type=\"text\/css\" data-created_by=\"avia_inline_auto\" id=\"style-css-av-4cjsd1-61f7f7cffeb18067a40dac8822efba93\">\n.avia-section.av-4cjsd1-61f7f7cffeb18067a40dac8822efba93{\nbackground-repeat:no-repeat;\nbackground-image:url(https:\/\/www.wfmsistemas.com.br\/wp-content\/uploads\/2015\/07\/agende-uma-visita-1.jpg);\nbackground-position:50% 50%;\nbackground-attachment:scroll;\n}\n.avia-section.av-4cjsd1-61f7f7cffeb18067a40dac8822efba93 .av-section-color-overlay{\nopacity:0.5;\nbackground-color:#ffffff;\n}\n<\/style>\n<div id='av_section_1'  class='avia-section av-4cjsd1-61f7f7cffeb18067a40dac8822efba93 header_color avia-section-no-padding avia-no-border-styling  avia-builder-el-0  el_before_av_heading  avia-builder-el-first  avia-bg-style-scroll av-section-color-overlay-active av-minimum-height av-minimum-height-custom av-height-custom  container_wrap fullsize'  data-section-bg-repeat='no-repeat' data-av_minimum_height_px='250'><div class=\"av-section-color-overlay-wrap\"><div class=\"av-section-color-overlay\"><\/div><div class='container av-section-cont-open' style='height:250px'><main  role=\"main\" itemprop=\"mainContentOfPage\"  class='template-page content  av-content-full alpha units'><div class='post-entry post-entry-type-page post-entry-3317'><div class='entry-content-wrapper clearfix'><\/div><\/div><\/main><!-- close content main element --><\/div><\/div><\/div><div id='after_section_1'  class='main_color av_default_container_wrap container_wrap fullsize'  ><div class='container av-section-cont-open' ><div class='template-page content  av-content-full alpha units'><div class='post-entry post-entry-type-page post-entry-3317'><div class='entry-content-wrapper clearfix'>\n\n<style type=\"text\/css\" data-created_by=\"avia_inline_auto\" id=\"style-css-av-16hyy2d-129333a2c1c7e8f6619a89ae55de03da\">\n#top .av-special-heading.av-16hyy2d-129333a2c1c7e8f6619a89ae55de03da{\npadding-bottom:10px;\ncolor:#053378;\n}\nbody .av-special-heading.av-16hyy2d-129333a2c1c7e8f6619a89ae55de03da .av-special-heading-tag .heading-char{\nfont-size:25px;\n}\n.av-special-heading.av-16hyy2d-129333a2c1c7e8f6619a89ae55de03da .special-heading-inner-border{\nborder-color:#053378;\n}\n.av-special-heading.av-16hyy2d-129333a2c1c7e8f6619a89ae55de03da .av-subheading{\nfont-size:15px;\n}\n<\/style>\n<div  class='av-special-heading av-16hyy2d-129333a2c1c7e8f6619a89ae55de03da av-special-heading-h2 custom-color-heading  avia-builder-el-1  el_after_av_section  el_before_av_textblock  avia-builder-el-first '><h2 class='av-special-heading-tag '  itemprop=\"headline\"  >Quer reduzir custos ?<\/h2><div class=\"special-heading-border\"><div class=\"special-heading-inner-border\"><\/div><\/div><\/div>\n\n<style type=\"text\/css\" data-created_by=\"avia_inline_auto\" id=\"style-css-av-14tqqid-9fb299dc63ea3076c1d60b7d97c27353\">\n#top .av_textblock_section.av-14tqqid-9fb299dc63ea3076c1d60b7d97c27353 .avia_textblock{\nfont-size:16px;\n}\n<\/style>\n<section  class='av_textblock_section av-14tqqid-9fb299dc63ea3076c1d60b7d97c27353 '   itemscope=\"itemscope\" itemtype=\"https:\/\/schema.org\/CreativeWork\" ><div class='avia_textblock'  itemprop=\"text\" ><p>Agende uma visita !<\/p>\n<\/div><\/section>\n<div  class='flex_column av-ma8tcl-0a0b9899d7969bb94af412278290d30e av_one_third  avia-builder-el-3  el_after_av_textblock  el_before_av_google_map  avia-builder-el-last  first flex_column_div  column-top-margin'     ><p>\n<style type=\"text\/css\" data-created_by=\"avia_inline_auto\" id=\"style-css-av-kcvlnp-84681754c8a19e7a0914acc20c9f607f\">\n#top .av-special-heading.av-kcvlnp-84681754c8a19e7a0914acc20c9f607f{\npadding-bottom:10px;\ncolor:#053378;\n}\nbody .av-special-heading.av-kcvlnp-84681754c8a19e7a0914acc20c9f607f .av-special-heading-tag .heading-char{\nfont-size:25px;\n}\n.av-special-heading.av-kcvlnp-84681754c8a19e7a0914acc20c9f607f .special-heading-inner-border{\nborder-color:#053378;\n}\n.av-special-heading.av-kcvlnp-84681754c8a19e7a0914acc20c9f607f .av-subheading{\nfont-size:15px;\n}\n<\/style>\n<div  class='av-special-heading av-kcvlnp-84681754c8a19e7a0914acc20c9f607f av-special-heading-h5 custom-color-heading  avia-builder-el-4  el_before_av_textblock  avia-builder-el-first '><h5 class='av-special-heading-tag '  itemprop=\"headline\"  >Informa\u00e7\u00f5es<\/h5><div class=\"special-heading-border\"><div class=\"special-heading-inner-border\"><\/div><\/div><\/div><br \/>\n<section  class='av_textblock_section av-jen6dh-71ef56a64c8567ba36ce34dad43b5911 '   itemscope=\"itemscope\" itemtype=\"https:\/\/schema.org\/CreativeWork\" ><div class='avia_textblock'  itemprop=\"text\" ><p><strong>Tel:<\/strong> (11) 5585-1144<br \/>\n<strong>Email:<\/strong> comercial@wfmsistemas.com.br<br \/>\n<strong>End:<\/strong> Av. Senador Casemiro da Rocha, 609 &#8211; Sala 117 &#8211; Mirand\u00f3polis &#8211; S\u00e3o Paulo \/ SP &#8211; Cep: 04047-001<\/p>\n<\/div><\/section><br \/>\n<div  class='hr av-i19p6d-79567bd624adb62e0e9e7ec81887c25e hr-short  avia-builder-el-6  el_after_av_textblock  el_before_av_heading  hr-center'><span class='hr-inner '><span class=\"hr-inner-style\"><\/span><\/span><\/div><br \/>\n\n<style type=\"text\/css\" data-created_by=\"avia_inline_auto\" id=\"style-css-av-fjtyol-1dbe2ed216c840b1c6523710126e4731\">\n#top .av-special-heading.av-fjtyol-1dbe2ed216c840b1c6523710126e4731{\npadding-bottom:10px;\ncolor:#053378;\n}\nbody .av-special-heading.av-fjtyol-1dbe2ed216c840b1c6523710126e4731 .av-special-heading-tag .heading-char{\nfont-size:25px;\n}\n.av-special-heading.av-fjtyol-1dbe2ed216c840b1c6523710126e4731 .special-heading-inner-border{\nborder-color:#053378;\n}\n.av-special-heading.av-fjtyol-1dbe2ed216c840b1c6523710126e4731 .av-subheading{\nfont-size:15px;\n}\n<\/style>\n<div  class='av-special-heading av-fjtyol-1dbe2ed216c840b1c6523710126e4731 av-special-heading-h5 custom-color-heading  avia-builder-el-7  el_after_av_hr  el_before_av_toggle_container '><h5 class='av-special-heading-tag '  itemprop=\"headline\"  >Onde atuamos<\/h5><div class=\"special-heading-border\"><div class=\"special-heading-inner-border\"><\/div><\/div><\/div><br \/>\n<div  class='togglecontainer av-dv2w45-212792ee94d41bee8a4d1b59bfd90c07  avia-builder-el-8  el_after_av_heading  avia-builder-el-last  toggle_close_all' >\n<section class='av_toggle_section av-chewtx-4d2cce7a8ce2b6948b2e4570b9410ead'  itemscope=\"itemscope\" itemtype=\"https:\/\/schema.org\/CreativeWork\" ><div role=\"tablist\" class=\"single_toggle\" data-tags=\"{Todos} \"  ><p id='toggle-toggle-id-1' data-fake-id='#toggle-id-1' class='toggler  av-title-above '  itemprop=\"headline\"  role='tab' tabindex='0' aria-controls='toggle-id-1' data-slide-speed=\"200\" data-title=\"Angola \" data-title-open=\"\" data-aria_collapsed=\"Click to expand: Angola \" data-aria_expanded=\"Click to collapse: Angola \">Angola <span class=\"toggle_icon\"><span class=\"vert_icon\"><\/span><span class=\"hor_icon\"><\/span><\/span><\/p><div id='toggle-id-1' aria-labelledby='toggle-toggle-id-1' role='region' class='toggle_wrap  av-title-above'  ><div class='toggle_content invers-color '  itemprop=\"text\" ><p><b>Luanda<\/b><br \/>\nRua Comandante Nzagi 68\/68 A<br \/>\nBairro de Alvalade &#8211; Luanda<\/p>\n<\/div><\/div><\/div><\/section>\n<section class='av_toggle_section av-139lwl-fdf70290898367ab99902f193129d7da'  itemscope=\"itemscope\" itemtype=\"https:\/\/schema.org\/CreativeWork\" ><div role=\"tablist\" class=\"single_toggle\" data-tags=\"{Todos} \"  ><p id='toggle-toggle-id-2' data-fake-id='#toggle-id-2' class='toggler  av-title-above '  itemprop=\"headline\"  role='tab' tabindex='0' aria-controls='toggle-id-2' data-slide-speed=\"200\" data-title=\"Pol\u00f4nia\" data-title-open=\"\" data-aria_collapsed=\"Click to expand: Pol\u00f4nia\" data-aria_expanded=\"Click to collapse: Pol\u00f4nia\">Pol\u00f4nia<span class=\"toggle_icon\"><span class=\"vert_icon\"><\/span><span class=\"hor_icon\"><\/span><\/span><\/p><div id='toggle-id-2' aria-labelledby='toggle-toggle-id-2' role='region' class='toggle_wrap  av-title-above'  ><div class='toggle_content invers-color '  itemprop=\"text\" ><p><b>Warsaw<\/b><br \/>\nUl. Noakowskiego 16 lok.39<br \/>\n00-666 Warsaw<\/p>\n<\/div><\/div><\/div><\/section>\n<section class='av_toggle_section av-8gviat-27f3b4fe56342082b6a3a0209f26ba06'  itemscope=\"itemscope\" itemtype=\"https:\/\/schema.org\/CreativeWork\" ><div role=\"tablist\" class=\"single_toggle\" data-tags=\"{Todos} \"  ><p id='toggle-toggle-id-3' data-fake-id='#toggle-id-3' class='toggler  av-title-above '  itemprop=\"headline\"  role='tab' tabindex='0' aria-controls='toggle-id-3' data-slide-speed=\"200\" data-title=\"Portugal\" data-title-open=\"\" data-aria_collapsed=\"Click to expand: Portugal\" data-aria_expanded=\"Click to collapse: Portugal\">Portugal<span class=\"toggle_icon\"><span class=\"vert_icon\"><\/span><span class=\"hor_icon\"><\/span><\/span><\/p><div id='toggle-id-3' aria-labelledby='toggle-toggle-id-3' role='region' class='toggle_wrap  av-title-above'  ><div class='toggle_content invers-color '  itemprop=\"text\" ><p><b>Lisbon<\/b><br \/>\nEdif\u00edcio Mar Vermelho<br \/>\nAv. Dom Jo\u00e3o II, 50, 4\u00ba<br \/>\nParque das Na\u00e7\u00f5es<br \/>\n1990-095 Lisboa<br \/>\nTel +351 211 547 330<\/p>\n<p><b>Porto<\/b><br \/>\nRua de Carlos Dubini, 169<br \/>\n4150-188 Porto &#8211; Portugal<br \/>\nTel +351 229 397 790<\/p>\n<\/div><\/div><\/div><\/section>\n<section class='av_toggle_section av-6zv2lh-595f9041d0894e98e6424ca2f61e7158'  itemscope=\"itemscope\" itemtype=\"https:\/\/schema.org\/CreativeWork\" ><div role=\"tablist\" class=\"single_toggle\" data-tags=\"{Todos} \"  ><p id='toggle-toggle-id-4' data-fake-id='#toggle-id-4' class='toggler  av-title-above '  itemprop=\"headline\"  role='tab' tabindex='0' aria-controls='toggle-id-4' data-slide-speed=\"200\" data-title=\"Espanha\" data-title-open=\"\" data-aria_collapsed=\"Click to expand: Espanha\" data-aria_expanded=\"Click to collapse: Espanha\">Espanha<span class=\"toggle_icon\"><span class=\"vert_icon\"><\/span><span class=\"hor_icon\"><\/span><\/span><\/p><div id='toggle-id-4' aria-labelledby='toggle-toggle-id-4' role='region' class='toggle_wrap  av-title-above'  ><div class='toggle_content invers-color '  itemprop=\"text\" ><p><b>Madrid<\/b><br \/>\nPaseo de la Castellana 18, 7\u00ba piso<br \/>\n28046 Madrid<\/p>\n<\/div><\/div><\/div><\/section>\n<section class='av_toggle_section av-5ceap1-66304469bd98cbf66d64e714cc1938a9'  itemscope=\"itemscope\" itemtype=\"https:\/\/schema.org\/CreativeWork\" ><div role=\"tablist\" class=\"single_toggle\" data-tags=\"{Todos} \"  ><p id='toggle-toggle-id-5' data-fake-id='#toggle-id-5' class='toggler  av-title-above '  itemprop=\"headline\"  role='tab' tabindex='0' aria-controls='toggle-id-5' data-slide-speed=\"200\" data-title=\"Peru\" data-title-open=\"\" data-aria_collapsed=\"Click to expand: Peru\" data-aria_expanded=\"Click to collapse: Peru\">Peru<span class=\"toggle_icon\"><span class=\"vert_icon\"><\/span><span class=\"hor_icon\"><\/span><\/span><\/p><div id='toggle-id-5' aria-labelledby='toggle-toggle-id-5' role='region' class='toggle_wrap  av-title-above'  ><div class='toggle_content invers-color '  itemprop=\"text\" ><p>Ankara<br \/>\nEski\u015fehir Yolu 9 Km Dumlup\u0131nar Blv. ODT\u00dc Met.Tes.\u0130\u00e7i<br \/>\n\u00c7ankaya \/ Ankara<\/p>\n<\/div><\/div><\/div><\/section>\n<\/div><\/p><\/div><div  class='av_gmaps_sc_main_wrap av_gmaps_main_wrap '><div id='av_gmap_0' class='avia-google-map-container avia-google-map-sc av_gmaps_show_unconditionally av-no-fallback-img ' data-mapid='av_gmap_0'  style='height: 300px;'><a class=\"av_gmaps_browser_disabled av_text_confirm_link av_text_confirm_link_visible\" href=\"https:\/\/www.google.com\/maps\/search\/?api=1&#038;query=Av.%20Senador%20Casimiro%20da%20Rocha,%20609%20%20S\u00e3o%20Paulo%20%20S\u00e3o%20Paulo\" target=\"_blank\" rel=\"noopener\">Maps were disabled by the visitor on this site. Click to open the map in a new window.<\/a><\/div><\/div><\/p>\n","protected":false},"excerpt":{"rendered":"","protected":false},"author":2,"featured_media":0,"parent":0,"menu_order":0,"comment_status":"open","ping_status":"open","template":"","meta":{"footnotes":""},"class_list":["post-3317","page","type-page","status-publish","hentry"],"_links":{"self":[{"href":"https:\/\/www.wfmsistemas.com.br\/index.php?rest_route=\/wp\/v2\/pages\/3317","targetHints":{"allow":["GET"]}}],"collection":[{"href":"https:\/\/www.wfmsistemas.com.br\/index.php?rest_route=\/wp\/v2\/pages"}],"about":[{"href":"https:\/\/www.wfmsistemas.com.br\/index.php?rest_route=\/wp\/v2\/types\/page"}],"author":[{"embeddable":true,"href":"https:\/\/www.wfmsistemas.com.br\/index.php?rest_route=\/wp\/v2\/users\/2"}],"replies":[{"embeddable":true,"href":"https:\/\/www.wfmsistemas.com.br\/index.php?rest_route=%2Fwp%2Fv2%2Fcomments&post=3317"}],"version-history":[{"count":2,"href":"https:\/\/www.wfmsistemas.com.br\/index.php?rest_route=\/wp\/v2\/pages\/3317\/revisions"}],"predecessor-version":[{"id":3779,"href":"https:\/\/www.wfmsistemas.com.br\/index.php?rest_route=\/wp\/v2\/pages\/3317\/revisions\/3779"}],"wp:attachment":[{"href":"https:\/\/www.wfmsistemas.com.br\/index.php?rest_route=%2Fwp%2Fv2%2Fmedia&parent=3317"}],"curies":[{"name":"wp","href":"https:\/\/api.w.org\/{rel}","templated":true}]}}