{"id":3279,"date":"2015-07-15T14:33:33","date_gmt":"2015-07-15T14:33:33","guid":{"rendered":"http:\/\/webapp389945.ip-104-200-17-165.cloudezapp.io\/?page_id=3279"},"modified":"2015-07-15T14:33:33","modified_gmt":"2015-07-15T14:33:33","slug":"mdnet-workforce-management-8","status":"publish","type":"page","link":"https:\/\/www.wfmsistemas.com.br\/?page_id=3279","title":{"rendered":"MDNET Workforce Management"},"content":{"rendered":"<div  class='flex_column av-av_one_half-2a9015ff38129c418a3f2eafba3e9512 av_one_half  avia-builder-el-0  el_before_av_one_half  avia-builder-el-first  first flex_column_div  '     ><p>\n<style type=\"text\/css\" data-created_by=\"avia_inline_auto\" id=\"style-css-av-av_heading-b80597c7f01bc7747fc4f0208d3443d5\">\n#top .av-special-heading.av-av_heading-b80597c7f01bc7747fc4f0208d3443d5{\npadding-bottom:10px;\ncolor:#053378;\n}\nbody .av-special-heading.av-av_heading-b80597c7f01bc7747fc4f0208d3443d5 .av-special-heading-tag .heading-char{\nfont-size:25px;\n}\n.av-special-heading.av-av_heading-b80597c7f01bc7747fc4f0208d3443d5 .special-heading-inner-border{\nborder-color:#053378;\n}\n.av-special-heading.av-av_heading-b80597c7f01bc7747fc4f0208d3443d5 .av-subheading{\nfont-size:15px;\n}\n<\/style>\n<div  class='av-special-heading av-av_heading-b80597c7f01bc7747fc4f0208d3443d5 av-special-heading-h3 custom-color-heading  avia-builder-el-1  el_before_av_textblock  avia-builder-el-first '><h3 class='av-special-heading-tag '  itemprop=\"headline\"  >Quem somos<\/h3><div class=\"special-heading-border\"><div class=\"special-heading-inner-border\"><\/div><\/div><\/div><br \/>\n<section  class='av_textblock_section av-av_textblock-0366cc7376be6c9e82a3e9cc8987b64f '   itemscope=\"itemscope\" itemtype=\"https:\/\/schema.org\/CreativeWork\" ><div class='avia_textblock'  itemprop=\"text\" ><p><span style=\"font-size: 10.5pt; font-family: 'Calibri',sans-serif; color: black;\">A\u00a0<strong><span style=\"font-family: 'Calibri',sans-serif;\">MDNET Workforce Management<\/span><\/strong>\u00a0foi fundada em 1999 com o objetivo de informatizar empresas, atrav\u00e9s do desenvolvimento de\u00a0<strong><span style=\"font-family: 'Calibri',sans-serif;\">sistemas de gest\u00e3o customizados<\/span><\/strong>, provendo solu\u00e7\u00f5es sob medida, afinadas com a natureza de trabalho de cada cliente e com excelente custo x benef\u00edcio.<\/span><\/p>\n<p><span style=\"font-size: 10.5pt; font-family: 'Calibri',sans-serif; color: black;\"><span style=\"font-family: 'Calibri',sans-serif;\">Em 2014, firmamos parceria com a empresa <a href=\"http:\/\/www.sisqual.com\/pt-br\/\" target=\"_blank\" rel=\"noopener\">Sisqual Brasil<\/a>, subsidi\u00e1ria portuguesa que est\u00e1 no Brasil desde 2012, com a solu\u00e7\u00e3o de Workforce Management totalmente aderente a legisla\u00e7\u00e3o brasileira. Integra-se com qualquer\u00a0 equipamento de registro de ponto, qualquer sistema de folha de pagamento e de gest\u00e3o ERP de mercado.<\/span><\/span><\/p>\n<p><span style=\"font-size: 10.5pt; font-family: 'Calibri',sans-serif; color: black;\">Atualmente nossa especialidade \u00e9 prover solu\u00e7\u00e3o de Workforce Management para \u00e1reas <strong>Hospitalar e Varejo<\/strong>, onde temos contribu\u00eddo para o m\u00e1ximo aproveitamento da for\u00e7a de trabalho das equipes, que tem proporcionado\u00a0maior qualidade no atendimento e na <strong>humaniza\u00e7\u00e3o<\/strong>, al\u00e9m de uma significativa <strong>redu\u00e7\u00e3o de custos.<\/strong><\/span><\/p>\n<\/div><\/section><\/p><\/div><div  class='flex_column av-av_one_half-93a81277e5006bb2348109df4de0b554 av_one_half  avia-builder-el-3  el_after_av_one_half  avia-builder-el-last  flex_column_div  '     ><style type=\"text\/css\" data-created_by=\"avia_inline_auto\" id=\"style-css-av-av_image-7bbddfaf0bf98fed5b2a793344bf07d9\">\n.avia-image-container.av-av_image-7bbddfaf0bf98fed5b2a793344bf07d9 img.avia_image{\nbox-shadow:none;\n}\n.avia-image-container.av-av_image-7bbddfaf0bf98fed5b2a793344bf07d9 .av-image-caption-overlay-center{\ncolor:#ffffff;\n}\n<\/style>\n<div  class='avia-image-container av-av_image-7bbddfaf0bf98fed5b2a793344bf07d9 av-styling- avia_animated_image av-animated-when-visible-95 right-to-left avia-align-center  avia-builder-el-4  avia-builder-el-no-sibling '   itemprop=\"image\" itemscope=\"itemscope\" itemtype=\"https:\/\/schema.org\/ImageObject\" ><div class=\"avia-image-container-inner\"><div class=\"avia-image-overlay-wrap\"><img decoding=\"async\" fetchpriority=\"high\" class='wp-image-3541 avia-img-lazy-loading-not-3541 avia_image ' src=\"https:\/\/www.wfmsistemas.com.br\/wp-content\/uploads\/2015\/07\/mdnet-workforce-management6.jpg\" alt='' title='MDNET Workforce Management'  height=\"315\" width=\"560\"  itemprop=\"thumbnailUrl\"  \/><\/div><\/div><\/div><\/div><\/p>\n","protected":false},"excerpt":{"rendered":"","protected":false},"author":2,"featured_media":0,"parent":0,"menu_order":0,"comment_status":"open","ping_status":"open","template":"","meta":{"footnotes":""},"class_list":["post-3279","page","type-page","status-publish","hentry"],"_links":{"self":[{"href":"https:\/\/www.wfmsistemas.com.br\/index.php?rest_route=\/wp\/v2\/pages\/3279","targetHints":{"allow":["GET"]}}],"collection":[{"href":"https:\/\/www.wfmsistemas.com.br\/index.php?rest_route=\/wp\/v2\/pages"}],"about":[{"href":"https:\/\/www.wfmsistemas.com.br\/index.php?rest_route=\/wp\/v2\/types\/page"}],"author":[{"embeddable":true,"href":"https:\/\/www.wfmsistemas.com.br\/index.php?rest_route=\/wp\/v2\/users\/2"}],"replies":[{"embeddable":true,"href":"https:\/\/www.wfmsistemas.com.br\/index.php?rest_route=%2Fwp%2Fv2%2Fcomments&post=3279"}],"version-history":[{"count":0,"href":"https:\/\/www.wfmsistemas.com.br\/index.php?rest_route=\/wp\/v2\/pages\/3279\/revisions"}],"wp:attachment":[{"href":"https:\/\/www.wfmsistemas.com.br\/index.php?rest_route=%2Fwp%2Fv2%2Fmedia&parent=3279"}],"curies":[{"name":"wp","href":"https:\/\/api.w.org\/{rel}","templated":true}]}}